{"id":356,"date":"2015-04-23T12:57:21","date_gmt":"2015-04-23T12:57:21","guid":{"rendered":"http:\/\/demo1.wprentals.org\/?page_id=356"},"modified":"2022-12-15T12:41:22","modified_gmt":"2022-12-15T09:41:22","slug":"terms-and-conditions-2","status":"publish","type":"page","link":"https:\/\/etuzla.ro\/en\/terms-and-conditions-2\/","title":{"rendered":"Politic\u0103 de Confiden\u021bialitate"},"content":{"rendered":"<p>Termeni si conditii<br \/>\nAceast\u0103 Politic\u0103 de confiden\u021bialitate guverneaz\u0103 modul \u00een care platforma etuzla.ro colecteaz\u0103, folose\u0219te, men\u021bine \u0219i dezv\u0103luie informa\u021biile colectate de la utilizatori (fiecare \u201eUtilizator\u201d) ai site-ului https:\/\/etuzla.ro\/ (\u201eSite\u201d). Aceast\u0103 politic\u0103 de confiden\u021bialitate se aplic\u0103 Site-ului \u0219i tuturor produselor \u0219i serviciilor oferite de platforma noastr\u0103.<\/p>\n<p>Informa\u021bii personale de identificare<\/p>\n<p>Putem colecta informa\u021bii personale de identificare de la Utilizatori \u00eentr-o varietate de moduri \u00een leg\u0103tur\u0103 cu activit\u0103\u021bile, serviciile, caracteristicile sau resursele pe care le punem la dispozi\u021bie pe site-ul nostru. Utilizatorii pot vizita site-ul nostru anonim. Vom colecta informa\u021bii personale de identificare de la Utilizatori numai dac\u0103 ace\u0219tia ne transmit \u00een mod voluntar astfel de informa\u021bii. Utilizatorii pot refuza oric\u00e2nd s\u0103 furnizeze informa\u021bii de identificare personal\u0103, cu excep\u021bia faptului c\u0103 acest lucru \u00eei poate \u00eempiedica s\u0103 se angajeze \u00een anumite activit\u0103\u021bi legate de Site.<\/p>\n<p>Informa\u021bii de identificare non-personale<\/p>\n<p>Putem colecta informa\u021bii de identificare non-personale despre Utilizatori ori de c\u00e2te ori ace\u0219tia interac\u021bioneaz\u0103 cu Site-ul nostru. Informa\u021biile de identificare non-personale pot include numele browserului, tipul de computer \u0219i informa\u021bii tehnice despre mijloacele de conectare ale Utilizatorilor la Site-ul nostru, cum ar fi sistemul de operare \u0219i furnizorii de servicii de Internet utiliza\u021bi \u0219i alte informa\u021bii similare.<\/p>\n<p>Cookie-uri de browser web<\/p>\n<p>Site-ul nostru poate folosi \u201ecookie-uri\u201d pentru a \u00eembun\u0103t\u0103\u021bi experien\u021ba Utilizatorului. Browserul web al utilizatorului plaseaz\u0103 cookie-uri pe hard disk-ul s\u0103u \u00een scopuri de p\u0103strare a eviden\u021belor \u0219i, uneori, pentru a urm\u0103ri informa\u021bii despre ele. Utilizatorul poate alege s\u0103 \u00ee\u0219i seteze browserul web s\u0103 refuze cookie-urile sau s\u0103 v\u0103 avertizeze c\u00e2nd sunt trimise cookie-uri. Dac\u0103 fac acest lucru, re\u021bine\u021bi c\u0103 unele p\u0103r\u021bi ale Site-ului ar putea s\u0103 nu func\u021bioneze corect.<\/p>\n<p>Cum v\u0103 protej\u0103m informa\u021biile<\/p>\n<p>Adopt\u0103m practici adecvate de colectare, stocare \u0219i procesare a datelor \u0219i m\u0103suri de securitate pentru a proteja \u00eempotriva accesului neautorizat, modific\u0103rii, dezv\u0103luirii sau distrugerii informa\u021biilor dumneavoastr\u0103 personale, numelui de utilizator, parolei, informa\u021biilor despre tranzac\u021bii \u0219i datelor stocate pe site-ul nostru.<\/p>\n<p>Partajarea informa\u021biilor dvs. personale<\/p>\n<p>Nu vindem, schimb\u0103m sau \u00eenchiriem informa\u021biile personale de identificare ale Utilizatorilor altora. Este posibil s\u0103 \u00eemp\u0103rt\u0103\u0219im informa\u021bii demografice agregate generice care nu au leg\u0103tur\u0103 cu nicio informa\u021bie personal\u0103 de identificare cu privire la vizitatori \u0219i utilizatori cu partenerii no\u0219tri de afaceri, afilia\u021bii de \u00eencredere \u0219i agen\u021bii de publicitate \u00een scopurile prezentate mai sus.<\/p>\n<p>Modific\u0103ri ale acestei politici de confiden\u021bialitate<\/p>\n<p>Platforma etuzla.ro are libertatea de a actualiza aceast\u0103 politic\u0103 de confiden\u021bialitate \u00een orice moment. C\u00e2nd o vom face, vom revizui data actualizat\u0103 \u00een partea de jos a acestei pagini. \u00cencuraj\u0103m Utilizatorii s\u0103 verifice frecvent aceast\u0103 pagin\u0103 pentru orice modific\u0103ri, pentru a r\u0103m\u00e2ne informa\u021bi despre modul \u00een care ajut\u0103m la protejarea informa\u021biilor personale pe care le colect\u0103m. Recunoa\u0219te\u021bi \u0219i sunte\u021bi de acord c\u0103 este responsabilitatea dumneavoastr\u0103 s\u0103 revizui\u021bi periodic aceast\u0103 politic\u0103 de confiden\u021bialitate \u0219i s\u0103 lua\u021bi la cuno\u0219tin\u021b\u0103 modific\u0103rile. Aceast\u0103 politic\u0103 intr\u0103 \u00een vigoare din data de 01.01.2023.<\/p>\n<p>Acceptarea dvs. a acestor termeni<\/p>\n<p>Prin utilizarea acestui Site, semnifica\u021bi acceptarea acestei politici. Dac\u0103 nu sunte\u021bi de acord cu aceast\u0103 politic\u0103, v\u0103 rug\u0103m s\u0103 nu utiliza\u021bi site-ul nostru. Utilizarea \u00een continuare a Site-ului dup\u0103 publicarea modific\u0103rilor acestei politici va fi considerat\u0103 c\u0103 accepta\u021bi aceste modific\u0103ri.<\/p>","protected":false},"excerpt":{"rendered":"<p>Termeni si conditii Aceast\u0103 Politic\u0103 de confiden\u021bialitate guverneaz\u0103 modul \u00een care platforma etuzla.ro colecteaz\u0103, folose\u0219te, men\u021bine \u0219i dezv\u0103luie informa\u021biile colectate de la utilizatori (fiecare \u201eUtilizator\u201d) ai site-ului https:\/\/etuzla.ro\/ (\u201eSite\u201d). Aceast\u0103 politic\u0103 de confiden\u021bialitate se aplic\u0103 Site-ului \u0219i tuturor produselor \u0219i serviciilor oferite de platforma noastr\u0103. Informa\u021bii personale de identificare Putem colecta informa\u021bii personale de identificare &#8230;<\/p>","protected":false},"author":1,"featured_media":0,"parent":0,"menu_order":0,"comment_status":"closed","ping_status":"closed","template":"terms_conditions.php","meta":[],"yoast_head":"<!-- This site is optimized with the Yoast SEO plugin v20.12 - https:\/\/yoast.com\/wordpress\/plugins\/seo\/ -->\n<title>Politic\u0103 de Confiden\u021bialitate - E-Dezvoltare Tuzla<\/title>\n<meta name=\"robots\" content=\"index, follow, max-snippet:-1, max-image-preview:large, max-video-preview:-1\" \/>\n<link rel=\"canonical\" href=\"https:\/\/etuzla.ro\/en\/terms-and-conditions-2\/\" \/>\n<meta property=\"og:locale\" content=\"en_US\" \/>\n<meta property=\"og:type\" content=\"article\" \/>\n<meta property=\"og:title\" content=\"Politic\u0103 de Confiden\u021bialitate - E-Dezvoltare Tuzla\" \/>\n<meta property=\"og:description\" content=\"Termeni si conditii Aceast\u0103 Politic\u0103 de confiden\u021bialitate guverneaz\u0103 modul \u00een care platforma etuzla.ro colecteaz\u0103, folose\u0219te, men\u021bine \u0219i dezv\u0103luie informa\u021biile colectate de la utilizatori (fiecare \u201eUtilizator\u201d) ai site-ului https:\/\/etuzla.ro\/ (\u201eSite\u201d). Aceast\u0103 politic\u0103 de confiden\u021bialitate se aplic\u0103 Site-ului \u0219i tuturor produselor \u0219i serviciilor oferite de platforma noastr\u0103. Informa\u021bii personale de identificare Putem colecta informa\u021bii personale de identificare ...\" \/>\n<meta property=\"og:url\" content=\"https:\/\/etuzla.ro\/en\/terms-and-conditions-2\/\" \/>\n<meta property=\"og:site_name\" content=\"E-Dezvoltare Tuzla\" \/>\n<meta property=\"article:modified_time\" content=\"2022-12-15T09:41:22+00:00\" \/>\n<meta name=\"twitter:card\" content=\"summary_large_image\" \/>\n<meta name=\"twitter:label1\" content=\"Est. reading time\" \/>\n\t<meta name=\"twitter:data1\" content=\"3 minutes\" \/>\n<script type=\"application\/ld+json\" class=\"yoast-schema-graph\">{\"@context\":\"https:\/\/schema.org\",\"@graph\":[{\"@type\":\"WebPage\",\"@id\":\"https:\/\/etuzla.ro\/terms-and-conditions-2\/\",\"url\":\"https:\/\/etuzla.ro\/terms-and-conditions-2\/\",\"name\":\"Politic\u0103 de Confiden\u021bialitate - E-Dezvoltare Tuzla\",\"isPartOf\":{\"@id\":\"https:\/\/etuzla.ro\/#website\"},\"datePublished\":\"2015-04-23T12:57:21+00:00\",\"dateModified\":\"2022-12-15T09:41:22+00:00\",\"breadcrumb\":{\"@id\":\"https:\/\/etuzla.ro\/terms-and-conditions-2\/#breadcrumb\"},\"inLanguage\":\"en-US\",\"potentialAction\":[{\"@type\":\"ReadAction\",\"target\":[\"https:\/\/etuzla.ro\/terms-and-conditions-2\/\"]}]},{\"@type\":\"BreadcrumbList\",\"@id\":\"https:\/\/etuzla.ro\/terms-and-conditions-2\/#breadcrumb\",\"itemListElement\":[{\"@type\":\"ListItem\",\"position\":1,\"name\":\"Prima pagin\u0103\",\"item\":\"https:\/\/etuzla.ro\/\"},{\"@type\":\"ListItem\",\"position\":2,\"name\":\"Politic\u0103 de Confiden\u021bialitate\"}]},{\"@type\":\"WebSite\",\"@id\":\"https:\/\/etuzla.ro\/#website\",\"url\":\"https:\/\/etuzla.ro\/\",\"name\":\"eTuzla - Comunitatea Tuzla On-line\",\"description\":\"\",\"publisher\":{\"@id\":\"https:\/\/etuzla.ro\/#organization\"},\"potentialAction\":[{\"@type\":\"SearchAction\",\"target\":{\"@type\":\"EntryPoint\",\"urlTemplate\":\"https:\/\/etuzla.ro\/?s={search_term_string}\"},\"query-input\":\"required name=search_term_string\"}],\"inLanguage\":\"en-US\"},{\"@type\":\"Organization\",\"@id\":\"https:\/\/etuzla.ro\/#organization\",\"name\":\"eTuzla - Comunitatea Tuzla On-line\",\"url\":\"https:\/\/etuzla.ro\/\",\"logo\":{\"@type\":\"ImageObject\",\"inLanguage\":\"en-US\",\"@id\":\"https:\/\/etuzla.ro\/#\/schema\/logo\/image\/\",\"url\":\"https:\/\/etuzla.ro\/wp-content\/uploads\/2023\/01\/poca-png-etuzla-500.png\",\"contentUrl\":\"https:\/\/etuzla.ro\/wp-content\/uploads\/2023\/01\/poca-png-etuzla-500.png\",\"width\":500,\"height\":56,\"caption\":\"eTuzla - Comunitatea Tuzla On-line\"},\"image\":{\"@id\":\"https:\/\/etuzla.ro\/#\/schema\/logo\/image\/\"}}]}<\/script>\n<!-- \/ Yoast SEO plugin. -->","yoast_head_json":{"title":"Politic\u0103 de Confiden\u021bialitate - E-Dezvoltare Tuzla","robots":{"index":"index","follow":"follow","max-snippet":"max-snippet:-1","max-image-preview":"max-image-preview:large","max-video-preview":"max-video-preview:-1"},"canonical":"https:\/\/etuzla.ro\/en\/terms-and-conditions-2\/","og_locale":"en_US","og_type":"article","og_title":"Politic\u0103 de Confiden\u021bialitate - E-Dezvoltare Tuzla","og_description":"Termeni si conditii Aceast\u0103 Politic\u0103 de confiden\u021bialitate guverneaz\u0103 modul \u00een care platforma etuzla.ro colecteaz\u0103, folose\u0219te, men\u021bine \u0219i dezv\u0103luie informa\u021biile colectate de la utilizatori (fiecare \u201eUtilizator\u201d) ai site-ului https:\/\/etuzla.ro\/ (\u201eSite\u201d). Aceast\u0103 politic\u0103 de confiden\u021bialitate se aplic\u0103 Site-ului \u0219i tuturor produselor \u0219i serviciilor oferite de platforma noastr\u0103. Informa\u021bii personale de identificare Putem colecta informa\u021bii personale de identificare ...","og_url":"https:\/\/etuzla.ro\/en\/terms-and-conditions-2\/","og_site_name":"E-Dezvoltare Tuzla","article_modified_time":"2022-12-15T09:41:22+00:00","twitter_card":"summary_large_image","twitter_misc":{"Est. reading time":"3 minutes"},"schema":{"@context":"https:\/\/schema.org","@graph":[{"@type":"WebPage","@id":"https:\/\/etuzla.ro\/terms-and-conditions-2\/","url":"https:\/\/etuzla.ro\/terms-and-conditions-2\/","name":"Politic\u0103 de Confiden\u021bialitate - E-Dezvoltare Tuzla","isPartOf":{"@id":"https:\/\/etuzla.ro\/#website"},"datePublished":"2015-04-23T12:57:21+00:00","dateModified":"2022-12-15T09:41:22+00:00","breadcrumb":{"@id":"https:\/\/etuzla.ro\/terms-and-conditions-2\/#breadcrumb"},"inLanguage":"en-US","potentialAction":[{"@type":"ReadAction","target":["https:\/\/etuzla.ro\/terms-and-conditions-2\/"]}]},{"@type":"BreadcrumbList","@id":"https:\/\/etuzla.ro\/terms-and-conditions-2\/#breadcrumb","itemListElement":[{"@type":"ListItem","position":1,"name":"Prima pagin\u0103","item":"https:\/\/etuzla.ro\/"},{"@type":"ListItem","position":2,"name":"Politic\u0103 de Confiden\u021bialitate"}]},{"@type":"WebSite","@id":"https:\/\/etuzla.ro\/#website","url":"https:\/\/etuzla.ro\/","name":"eTuzla - Comunitatea Tuzla On-line","description":"","publisher":{"@id":"https:\/\/etuzla.ro\/#organization"},"potentialAction":[{"@type":"SearchAction","target":{"@type":"EntryPoint","urlTemplate":"https:\/\/etuzla.ro\/?s={search_term_string}"},"query-input":"required name=search_term_string"}],"inLanguage":"en-US"},{"@type":"Organization","@id":"https:\/\/etuzla.ro\/#organization","name":"eTuzla - Comunitatea Tuzla On-line","url":"https:\/\/etuzla.ro\/","logo":{"@type":"ImageObject","inLanguage":"en-US","@id":"https:\/\/etuzla.ro\/#\/schema\/logo\/image\/","url":"https:\/\/etuzla.ro\/wp-content\/uploads\/2023\/01\/poca-png-etuzla-500.png","contentUrl":"https:\/\/etuzla.ro\/wp-content\/uploads\/2023\/01\/poca-png-etuzla-500.png","width":500,"height":56,"caption":"eTuzla - Comunitatea Tuzla On-line"},"image":{"@id":"https:\/\/etuzla.ro\/#\/schema\/logo\/image\/"}}]}},"_links":{"self":[{"href":"https:\/\/etuzla.ro\/en\/wp-json\/wp\/v2\/pages\/356"}],"collection":[{"href":"https:\/\/etuzla.ro\/en\/wp-json\/wp\/v2\/pages"}],"about":[{"href":"https:\/\/etuzla.ro\/en\/wp-json\/wp\/v2\/types\/page"}],"author":[{"embeddable":true,"href":"https:\/\/etuzla.ro\/en\/wp-json\/wp\/v2\/users\/1"}],"replies":[{"embeddable":true,"href":"https:\/\/etuzla.ro\/en\/wp-json\/wp\/v2\/comments?post=356"}],"version-history":[{"count":4,"href":"https:\/\/etuzla.ro\/en\/wp-json\/wp\/v2\/pages\/356\/revisions"}],"predecessor-version":[{"id":33997,"href":"https:\/\/etuzla.ro\/en\/wp-json\/wp\/v2\/pages\/356\/revisions\/33997"}],"wp:attachment":[{"href":"https:\/\/etuzla.ro\/en\/wp-json\/wp\/v2\/media?parent=356"}],"curies":[{"name":"wp","href":"https:\/\/api.w.org\/{rel}","templated":true}]}}